{"id":1059,"date":"2025-04-04T18:04:52","date_gmt":"2025-04-04T18:04:52","guid":{"rendered":"https:\/\/advocaciacma.com\/new\/?page_id=1059"},"modified":"2025-06-16T23:30:07","modified_gmt":"2025-06-16T23:30:07","slug":"atuacao","status":"publish","type":"page","link":"https:\/\/advocaciacma.com\/new\/atuacao\/","title":{"rendered":"atuacao"},"content":{"rendered":"\t\t<div data-elementor-type=\"wp-page\" data-elementor-id=\"1059\" class=\"elementor elementor-1059\" data-elementor-post-type=\"page\">\n\t\t\t\t<div class=\"elementor-element elementor-element-f1c6adb e-flex e-con-boxed e-con e-parent\" data-id=\"f1c6adb\" data-element_type=\"container\" data-e-type=\"container\" data-settings=\"{&quot;background_background&quot;:&quot;classic&quot;}\">\n\t\t\t\t\t<div class=\"e-con-inner\">\n\t\t<div class=\"elementor-element elementor-element-04161d0 e-con-full e-flex e-con e-child\" data-id=\"04161d0\" data-element_type=\"container\" data-e-type=\"container\">\n\t\t<div class=\"elementor-element elementor-element-52217b4 e-con-full e-flex e-con e-child\" data-id=\"52217b4\" data-element_type=\"container\" data-e-type=\"container\">\n\t\t\t\t<div class=\"elementor-element elementor-element-ed67497 elementor-widget__width-initial elementor-widget elementor-widget-image\" data-id=\"ed67497\" data-element_type=\"widget\" data-e-type=\"widget\" data-widget_type=\"image.default\">\n\t\t\t\t\t\t\t\t\t\t\t\t\t\t\t<img fetchpriority=\"high\" decoding=\"async\" width=\"414\" height=\"222\" src=\"https:\/\/advocaciacma.com\/new\/wp-content\/uploads\/2024\/11\/cropped-logo-semfundo-1.png\" class=\"attachment-large size-large wp-image-903\" alt=\"\" srcset=\"https:\/\/advocaciacma.com\/new\/wp-content\/uploads\/2024\/11\/cropped-logo-semfundo-1.png 414w, https:\/\/advocaciacma.com\/new\/wp-content\/uploads\/2024\/11\/cropped-logo-semfundo-1-300x161.png 300w\" sizes=\"100vw\" \/>\t\t\t\t\t\t\t\t\t\t\t\t\t\t\t<\/div>\n\t\t<div class=\"elementor-element elementor-element-48f419e e-con-full e-flex e-con e-child\" data-id=\"48f419e\" data-element_type=\"container\" data-e-type=\"container\">\n\t\t\t\t<div class=\"elementor-element elementor-element-683de19 elementor-nav-menu--dropdown-tablet elementor-nav-menu__text-align-aside elementor-nav-menu--toggle elementor-nav-menu--burger elementor-widget elementor-widget-nav-menu\" data-id=\"683de19\" data-element_type=\"widget\" data-e-type=\"widget\" data-settings=\"{&quot;layout&quot;:&quot;horizontal&quot;,&quot;submenu_icon&quot;:{&quot;value&quot;:&quot;&lt;svg class=\\&quot;e-font-icon-svg e-fas-caret-down\\&quot; viewBox=\\&quot;0 0 320 512\\&quot; xmlns=\\&quot;http:\\\/\\\/www.w3.org\\\/2000\\\/svg\\&quot;&gt;&lt;path d=\\&quot;M31.3 192h257.3c17.8 0 26.7 21.5 14.1 34.1L174.1 354.8c-7.8 7.8-20.5 7.8-28.3 0L17.2 226.1C4.6 213.5 13.5 192 31.3 192z\\&quot;&gt;&lt;\\\/path&gt;&lt;\\\/svg&gt;&quot;,&quot;library&quot;:&quot;fa-solid&quot;},&quot;toggle&quot;:&quot;burger&quot;}\" data-widget_type=\"nav-menu.default\">\n\t\t\t\t\t\t\t\t<nav aria-label=\"Menu\" class=\"elementor-nav-menu--main elementor-nav-menu__container elementor-nav-menu--layout-horizontal e--pointer-underline e--animation-fade\">\n\t\t\t\t<ul id=\"menu-1-683de19\" class=\"elementor-nav-menu\"><li class=\"menu-item menu-item-type-post_type menu-item-object-page menu-item-home menu-item-1050\"><a href=\"https:\/\/advocaciacma.com\/new\/\" class=\"elementor-item\">HOME<\/a><\/li>\n<li class=\"menu-item menu-item-type-custom menu-item-object-custom menu-item-56\"><a href=\"https:\/\/advocaciacma.com\/new\/home\/\" class=\"elementor-item\">QUEM SOMOS<\/a><\/li>\n<li class=\"menu-item menu-item-type-custom menu-item-object-custom menu-item-55\"><a href=\"https:\/\/advocaciacma.com\/new\/equipe\/\" class=\"elementor-item\">EQUIPE<\/a><\/li>\n<li class=\"menu-item menu-item-type-custom menu-item-object-custom menu-item-58\"><a href=\"https:\/\/advocaciacma.com\/new\/atuacao\/\" class=\"elementor-item\">\u00c1REA DE ATUA\u00c7\u00c3O<\/a><\/li>\n<li class=\"menu-item menu-item-type-custom menu-item-object-custom menu-item-57\"><a href=\"https:\/\/advocaciacma.com\/new\/contatos\/\" class=\"elementor-item\">CONTATO<\/a><\/li>\n<\/ul>\t\t\t<\/nav>\n\t\t\t\t\t<div class=\"elementor-menu-toggle\" role=\"button\" tabindex=\"0\" aria-label=\"Menu Toggle\" aria-expanded=\"false\">\n\t\t\t<svg aria-hidden=\"true\" role=\"presentation\" class=\"elementor-menu-toggle__icon--open e-font-icon-svg e-eicon-menu-bar\" viewBox=\"0 0 1000 1000\" xmlns=\"http:\/\/www.w3.org\/2000\/svg\"><path d=\"M104 333H896C929 333 958 304 958 271S929 208 896 208H104C71 208 42 237 42 271S71 333 104 333ZM104 583H896C929 583 958 554 958 521S929 458 896 458H104C71 458 42 487 42 521S71 583 104 583ZM104 833H896C929 833 958 804 958 771S929 708 896 708H104C71 708 42 737 42 771S71 833 104 833Z\"><\/path><\/svg><svg aria-hidden=\"true\" role=\"presentation\" class=\"elementor-menu-toggle__icon--close e-font-icon-svg e-eicon-close\" viewBox=\"0 0 1000 1000\" xmlns=\"http:\/\/www.w3.org\/2000\/svg\"><path d=\"M742 167L500 408 258 167C246 154 233 150 217 150 196 150 179 158 167 167 154 179 150 196 150 212 150 229 154 242 171 254L408 500 167 742C138 771 138 800 167 829 196 858 225 858 254 829L496 587 738 829C750 842 767 846 783 846 800 846 817 842 829 829 842 817 846 804 846 783 846 767 842 750 829 737L588 500 833 258C863 229 863 200 833 171 804 137 775 137 742 167Z\"><\/path><\/svg>\t\t<\/div>\n\t\t\t\t\t<nav class=\"elementor-nav-menu--dropdown elementor-nav-menu__container\" aria-hidden=\"true\">\n\t\t\t\t<ul id=\"menu-2-683de19\" class=\"elementor-nav-menu\"><li class=\"menu-item menu-item-type-post_type menu-item-object-page menu-item-home menu-item-1050\"><a href=\"https:\/\/advocaciacma.com\/new\/\" class=\"elementor-item\" tabindex=\"-1\">HOME<\/a><\/li>\n<li class=\"menu-item menu-item-type-custom menu-item-object-custom menu-item-56\"><a href=\"https:\/\/advocaciacma.com\/new\/home\/\" class=\"elementor-item\" tabindex=\"-1\">QUEM SOMOS<\/a><\/li>\n<li class=\"menu-item menu-item-type-custom menu-item-object-custom menu-item-55\"><a href=\"https:\/\/advocaciacma.com\/new\/equipe\/\" class=\"elementor-item\" tabindex=\"-1\">EQUIPE<\/a><\/li>\n<li class=\"menu-item menu-item-type-custom menu-item-object-custom menu-item-58\"><a href=\"https:\/\/advocaciacma.com\/new\/atuacao\/\" class=\"elementor-item\" tabindex=\"-1\">\u00c1REA DE ATUA\u00c7\u00c3O<\/a><\/li>\n<li class=\"menu-item menu-item-type-custom menu-item-object-custom menu-item-57\"><a href=\"https:\/\/advocaciacma.com\/new\/contatos\/\" class=\"elementor-item\" tabindex=\"-1\">CONTATO<\/a><\/li>\n<\/ul>\t\t\t<\/nav>\n\t\t\t\t\t\t<\/div>\n\t\t\t\t<\/div>\n\t\t\t\t<div class=\"elementor-element elementor-element-afe1811 elementor-align-center elementor-widget__width-initial elementor-widget elementor-widget-button\" data-id=\"afe1811\" data-element_type=\"widget\" data-e-type=\"widget\" data-widget_type=\"button.default\">\n\t\t\t\t\t\t\t\t\t\t<a class=\"elementor-button elementor-button-link elementor-size-sm\" href=\"https:\/\/api.whatsapp.com\/send?phone=61994114646&#038;text=Ol\u00e1,%20gostaria%20de%20mais%20informa\u00e7\u00f5es%20sobre%20os%20seus%20servi\u00e7os\" target=\"_blank\">\n\t\t\t\t\t\t<span class=\"elementor-button-content-wrapper\">\n\t\t\t\t\t\t\t\t\t<span class=\"elementor-button-text\">Entre em contato conosco<\/span>\n\t\t\t\t\t<\/span>\n\t\t\t\t\t<\/a>\n\t\t\t\t\t\t\t\t<\/div>\n\t\t\t\t<\/div>\n\t\t\t\t<\/div>\n\t\t\t\t\t<\/div>\n\t\t\t\t<\/div>\n\t\t<div class=\"elementor-element elementor-element-67b5deef e-flex e-con-boxed e-con e-parent\" data-id=\"67b5deef\" data-element_type=\"container\" data-e-type=\"container\" data-settings=\"{&quot;background_background&quot;:&quot;classic&quot;}\">\n\t\t\t\t\t<div class=\"e-con-inner\">\n\t\t\t\t<div class=\"elementor-element elementor-element-a70e81b elementor-widget elementor-widget-heading\" data-id=\"a70e81b\" data-element_type=\"widget\" data-e-type=\"widget\" data-widget_type=\"heading.default\">\n\t\t\t\t\t<h2 class=\"elementor-heading-title elementor-size-default\">\u00c1rea de atua\u00e7\u00e3o<\/h2>\t\t\t\t<\/div>\n\t\t\t\t<div class=\"elementor-element elementor-element-474ab70 elementor-widget__width-initial elementor-widget elementor-widget-text-editor\" data-id=\"474ab70\" data-element_type=\"widget\" data-e-type=\"widget\" data-widget_type=\"text-editor.default\">\n\t\t\t\t\t\t\t\t\t<p>Atua\u00e7\u00e3o jur\u00eddica especializada em Previd\u00eancia Complementar Fechada<\/p><p>O escrit\u00f3rio \u00e9 especializado em Direito Previdenci\u00e1rio, com foco em Previd\u00eancia Complementar Fechada (Entidades Fechadas de Previd\u00eancia Complementar \u2013 EFPC). Atuamos na defesa de participantes, aposentados e pensionistas de fundos de pens\u00e3o, especialmente aqueles vinculados \u00e0 PREVI, a maior entidade de previd\u00eancia complementar do pa\u00eds.<\/p><p>Nossa atua\u00e7\u00e3o abrange desde consultoria jur\u00eddica at\u00e9 a representa\u00e7\u00e3o judicial e administrativa em todas as inst\u00e2ncias, inclusive nos Tribunais Superiores.<\/p><p>Com quase uma d\u00e9cada de experi\u00eancia, o escrit\u00f3rio combina excel\u00eancia t\u00e9cnica, atualiza\u00e7\u00e3o constante e atendimento humanizado, garantindo solu\u00e7\u00f5es jur\u00eddicas eficazes e \u00e9ticas em todo o territ\u00f3rio nacional.<br \/>Trabalhamos com a\u00e7\u00f5es de alta complexidade, como:<\/p><p>\u2022 Revis\u00e3o de benef\u00edcios previdenci\u00e1rios complementares;<br \/>\u2022 Revis\u00e3o de contrato de financiamentos imobili\u00e1rios realizados com Fundos de Pens\u00e3o;<br \/>\u2022 Reconhecimento de isonomia de g\u00eanero nas regras de c\u00e1lculo dos benef\u00edcios;<br \/>\u2022 Embargos \u00e0 execu\u00e7\u00e3o em contratos de financiamento com a PREVI.<br \/>\u2022 Defesa em a\u00e7\u00e3o de cobran\u00e7a indevida de reserva matem\u00e1tica adicional;<br \/>\u2022 A\u00e7\u00e3o de restitui\u00e7\u00e3o de contribui\u00e7\u00f5es feitas \u00e0 previd\u00eancia privada fechada<\/p><p>Entre em contato com nossos especialistas. Nossos advogados oferecem servi\u00e7os personalizados na defesa de participantes, aposentados e pensionistas de Entidades Fechadas de Previd\u00eancia Complementar (EFPC), como a PREVI.<\/p><p>Com profundo conhecimento t\u00e9cnico e experi\u00eancia nacional, atuamos em consultoria e demandas judiciais complexas, sempre com foco na prote\u00e7\u00e3o dos seus direitos previdenci\u00e1rios. Conte com a CMA Advocacia e Consultoria Jur\u00eddica para cuidar do seu futuro com seriedade e compromisso.<\/p>\t\t\t\t\t\t\t\t<\/div>\n\t\t<div class=\"elementor-element elementor-element-a139a8f e-con-full e-flex e-con e-child\" data-id=\"a139a8f\" data-element_type=\"container\" data-e-type=\"container\">\n\t\t\t\t<div class=\"elementor-element elementor-element-de6a8b1 elementor-widget elementor-widget-image\" data-id=\"de6a8b1\" data-element_type=\"widget\" data-e-type=\"widget\" data-widget_type=\"image.default\">\n\t\t\t\t\t\t\t\t\t\t\t\t\t\t\t<img decoding=\"async\" width=\"300\" height=\"30\" src=\"https:\/\/advocaciacma.com\/new\/wp-content\/uploads\/2025\/04\/limitador-300x30.png\" class=\"attachment-medium size-medium wp-image-1099\" alt=\"\" srcset=\"https:\/\/advocaciacma.com\/new\/wp-content\/uploads\/2025\/04\/limitador-300x30.png 300w, https:\/\/advocaciacma.com\/new\/wp-content\/uploads\/2025\/04\/limitador-1024x101.png 1024w, https:\/\/advocaciacma.com\/new\/wp-content\/uploads\/2025\/04\/limitador-1536x151.png 1536w, https:\/\/advocaciacma.com\/new\/wp-content\/uploads\/2025\/04\/limitador.png 1810w\" sizes=\"100vw\" \/>\t\t\t\t\t\t\t\t\t\t\t\t\t\t\t<\/div>\n\t\t\t\t<\/div>\n\t\t\t\t\t<\/div>\n\t\t\t\t<\/div>\n\t\t<div class=\"elementor-element elementor-element-843b946 e-con-full e-flex e-con e-parent\" data-id=\"843b946\" data-element_type=\"container\" data-e-type=\"container\">\n\t\t\t\t<div class=\"elementor-element elementor-element-5df3ead elementor-invisible elementor-widget elementor-widget-google_maps\" data-id=\"5df3ead\" data-element_type=\"widget\" data-e-type=\"widget\" data-settings=\"{&quot;_animation&quot;:&quot;fadeIn&quot;}\" data-widget_type=\"google_maps.default\">\n\t\t\t\t\t\t\t<div class=\"elementor-custom-embed\">\n\t\t\t<iframe loading=\"lazy\"\n\t\t\t\t\tsrc=\"https:\/\/maps.google.com\/maps?q=CMA%20Advocacia%20%26%20Consultoria%20Jur%C3%ADdica&#038;t=m&#038;z=10&#038;output=embed&#038;iwloc=near\"\n\t\t\t\t\ttitle=\"CMA Advocacia &amp; Consultoria Jur\u00eddica\"\n\t\t\t\t\taria-label=\"CMA Advocacia &amp; Consultoria Jur\u00eddica\"\n\t\t\t><\/iframe>\n\t\t<\/div>\n\t\t\t\t\t\t<\/div>\n\t\t\t\t<\/div>\n\t\t<div class=\"elementor-element elementor-element-93f9503 e-grid e-con-boxed e-con e-parent\" data-id=\"93f9503\" data-element_type=\"container\" data-e-type=\"container\" data-settings=\"{&quot;background_background&quot;:&quot;classic&quot;}\">\n\t\t\t\t\t<div class=\"e-con-inner\">\n\t\t<div class=\"elementor-element elementor-element-06504f1 e-grid e-con-full e-con e-child\" data-id=\"06504f1\" data-element_type=\"container\" data-e-type=\"container\">\n\t\t\t\t<div class=\"elementor-element elementor-element-826a501 elementor-widget elementor-widget-image\" data-id=\"826a501\" data-element_type=\"widget\" data-e-type=\"widget\" data-widget_type=\"image.default\">\n\t\t\t\t\t\t\t\t\t\t\t\t\t\t\t<img decoding=\"async\" width=\"494\" height=\"303\" src=\"https:\/\/advocaciacma.com\/new\/wp-content\/uploads\/2024\/11\/logo-branca.png\" class=\"attachment-large size-large wp-image-450\" alt=\"\" srcset=\"https:\/\/advocaciacma.com\/new\/wp-content\/uploads\/2024\/11\/logo-branca.png 494w, https:\/\/advocaciacma.com\/new\/wp-content\/uploads\/2024\/11\/logo-branca-300x184.png 300w\" sizes=\"100vw\" \/>\t\t\t\t\t\t\t\t\t\t\t\t\t\t\t<\/div>\n\t\t\t\t<\/div>\n\t\t\t\t<div class=\"elementor-element elementor-element-49237b9 elementor-widget elementor-widget-text-editor\" data-id=\"49237b9\" data-element_type=\"widget\" data-e-type=\"widget\" data-widget_type=\"text-editor.default\">\n\t\t\t\t\t\t\t\t\t<p>Contatos:<br \/>sac@advocaciacma.com<br \/>(61) 3546-7934<br \/>(61) 99411-4646<\/p>\t\t\t\t\t\t\t\t<\/div>\n\t\t\t\t<div class=\"elementor-element elementor-element-e408a65 elementor-widget elementor-widget-text-editor\" data-id=\"e408a65\" data-element_type=\"widget\" data-e-type=\"widget\" data-widget_type=\"text-editor.default\">\n\t\t\t\t\t\t\t\t\t<p>Endere\u00e7o:<br \/><span style=\"font-weight: 400;\">SIG SUL, Quadra 04, Lote 25, Centro Empresarial Bar\u00e3o de Mau\u00e1, sala 110. Bras\u00edlia\/DF &#8211; CEP: 70.610-440<\/span><\/p>\t\t\t\t\t\t\t\t<\/div>\n\t\t\t\t<div class=\"elementor-element elementor-element-12574b7 elementor-shape-rounded elementor-grid-0 e-grid-align-center elementor-widget elementor-widget-social-icons\" data-id=\"12574b7\" data-element_type=\"widget\" data-e-type=\"widget\" data-widget_type=\"social-icons.default\">\n\t\t\t\t\t\t\t<div class=\"elementor-social-icons-wrapper elementor-grid\" role=\"list\">\n\t\t\t\t\t\t\t<span class=\"elementor-grid-item\" role=\"listitem\">\n\t\t\t\t\t<a class=\"elementor-icon elementor-social-icon elementor-social-icon-instagram elementor-repeater-item-2aa7e0e\" href=\"https:\/\/www.instagram.com\/advocaciacma.adv\/\" target=\"_blank\">\n\t\t\t\t\t\t<span class=\"elementor-screen-only\">Instagram<\/span>\n\t\t\t\t\t\t<svg aria-hidden=\"true\" class=\"e-font-icon-svg e-fab-instagram\" viewBox=\"0 0 448 512\" xmlns=\"http:\/\/www.w3.org\/2000\/svg\"><path d=\"M224.1 141c-63.6 0-114.9 51.3-114.9 114.9s51.3 114.9 114.9 114.9S339 319.5 339 255.9 287.7 141 224.1 141zm0 189.6c-41.1 0-74.7-33.5-74.7-74.7s33.5-74.7 74.7-74.7 74.7 33.5 74.7 74.7-33.6 74.7-74.7 74.7zm146.4-194.3c0 14.9-12 26.8-26.8 26.8-14.9 0-26.8-12-26.8-26.8s12-26.8 26.8-26.8 26.8 12 26.8 26.8zm76.1 27.2c-1.7-35.9-9.9-67.7-36.2-93.9-26.2-26.2-58-34.4-93.9-36.2-37-2.1-147.9-2.1-184.9 0-35.8 1.7-67.6 9.9-93.9 36.1s-34.4 58-36.2 93.9c-2.1 37-2.1 147.9 0 184.9 1.7 35.9 9.9 67.7 36.2 93.9s58 34.4 93.9 36.2c37 2.1 147.9 2.1 184.9 0 35.9-1.7 67.7-9.9 93.9-36.2 26.2-26.2 34.4-58 36.2-93.9 2.1-37 2.1-147.8 0-184.8zM398.8 388c-7.8 19.6-22.9 34.7-42.6 42.6-29.5 11.7-99.5 9-132.1 9s-102.7 2.6-132.1-9c-19.6-7.8-34.7-22.9-42.6-42.6-11.7-29.5-9-99.5-9-132.1s-2.6-102.7 9-132.1c7.8-19.6 22.9-34.7 42.6-42.6 29.5-11.7 99.5-9 132.1-9s102.7-2.6 132.1 9c19.6 7.8 34.7 22.9 42.6 42.6 11.7 29.5 9 99.5 9 132.1s2.7 102.7-9 132.1z\"><\/path><\/svg>\t\t\t\t\t<\/a>\n\t\t\t\t<\/span>\n\t\t\t\t\t\t\t<span class=\"elementor-grid-item\" role=\"listitem\">\n\t\t\t\t\t<a class=\"elementor-icon elementor-social-icon elementor-social-icon-whatsapp elementor-repeater-item-865423a\" href=\"https:\/\/www.instagram.com\/advocaciacma.adv\/\" target=\"_blank\">\n\t\t\t\t\t\t<span class=\"elementor-screen-only\">Whatsapp<\/span>\n\t\t\t\t\t\t<svg aria-hidden=\"true\" class=\"e-font-icon-svg e-fab-whatsapp\" viewBox=\"0 0 448 512\" xmlns=\"http:\/\/www.w3.org\/2000\/svg\"><path d=\"M380.9 97.1C339 55.1 283.2 32 223.9 32c-122.4 0-222 99.6-222 222 0 39.1 10.2 77.3 29.6 111L0 480l117.7-30.9c32.4 17.7 68.9 27 106.1 27h.1c122.3 0 224.1-99.6 224.1-222 0-59.3-25.2-115-67.1-157zm-157 341.6c-33.2 0-65.7-8.9-94-25.7l-6.7-4-69.8 18.3L72 359.2l-4.4-7c-18.5-29.4-28.2-63.3-28.2-98.2 0-101.7 82.8-184.5 184.6-184.5 49.3 0 95.6 19.2 130.4 54.1 34.8 34.9 56.2 81.2 56.1 130.5 0 101.8-84.9 184.6-186.6 184.6zm101.2-138.2c-5.5-2.8-32.8-16.2-37.9-18-5.1-1.9-8.8-2.8-12.5 2.8-3.7 5.6-14.3 18-17.6 21.8-3.2 3.7-6.5 4.2-12 1.4-32.6-16.3-54-29.1-75.5-66-5.7-9.8 5.7-9.1 16.3-30.3 1.8-3.7.9-6.9-.5-9.7-1.4-2.8-12.5-30.1-17.1-41.2-4.5-10.8-9.1-9.3-12.5-9.5-3.2-.2-6.9-.2-10.6-.2-3.7 0-9.7 1.4-14.8 6.9-5.1 5.6-19.4 19-19.4 46.3 0 27.3 19.9 53.7 22.6 57.4 2.8 3.7 39.1 59.7 94.8 83.8 35.2 15.2 49 16.5 66.6 13.9 10.7-1.6 32.8-13.4 37.4-26.4 4.6-13 4.6-24.1 3.2-26.4-1.3-2.5-5-3.9-10.5-6.6z\"><\/path><\/svg>\t\t\t\t\t<\/a>\n\t\t\t\t<\/span>\n\t\t\t\t\t<\/div>\n\t\t\t\t\t\t<\/div>\n\t\t\t\t\t<\/div>\n\t\t\t\t<\/div>\n\t\t<div class=\"elementor-element elementor-element-e16a078 e-flex e-con-boxed e-con e-parent\" data-id=\"e16a078\" data-element_type=\"container\" data-e-type=\"container\" data-settings=\"{&quot;background_background&quot;:&quot;classic&quot;}\">\n\t\t\t\t\t<div class=\"e-con-inner\">\n\t\t\t\t<div class=\"elementor-element elementor-element-f6f70a5 elementor-widget elementor-widget-text-editor\" data-id=\"f6f70a5\" data-element_type=\"widget\" data-e-type=\"widget\" data-widget_type=\"text-editor.default\">\n\t\t\t\t\t\t\t\t\tFeito por <strong><span style=\"color: #FFFFFF;\"><a style=\"color: #FFFFFF;\" href=\"https:\/\/headagencia.com.br\">Head Ag\u00eancia<\/a><\/span><\/strong>\t\t\t\t\t\t\t\t<\/div>\n\t\t\t\t\t<\/div>\n\t\t\t\t<\/div>\n\t\t\t\t<\/div>\n\t\t","protected":false},"excerpt":{"rendered":"<p>Entre em contato conosco \u00c1rea de atua\u00e7\u00e3o Atua\u00e7\u00e3o jur\u00eddica especializada em Previd\u00eancia Complementar Fechada O escrit\u00f3rio \u00e9 especializado em Direito Previdenci\u00e1rio, com foco em Previd\u00eancia Complementar Fechada (Entidades Fechadas de Previd\u00eancia Complementar \u2013 EFPC). Atuamos na defesa de participantes, aposentados e pensionistas de fundos de pens\u00e3o, especialmente aqueles vinculados \u00e0 PREVI, a maior entidade de &hellip; <\/p>\n<p class=\"link-more\"><a href=\"https:\/\/advocaciacma.com\/new\/atuacao\/\" class=\"more-link\">Leia mais<span class=\"screen-reader-text\"> &#8220;atuacao&#8221;<\/span><\/a><\/p>\n","protected":false},"author":3,"featured_media":0,"parent":0,"menu_order":0,"comment_status":"closed","ping_status":"closed","template":"","meta":{"footnotes":""},"class_list":["post-1059","page","type-page","status-publish","hentry"],"_links":{"self":[{"href":"https:\/\/advocaciacma.com\/new\/wp-json\/wp\/v2\/pages\/1059","targetHints":{"allow":["GET"]}}],"collection":[{"href":"https:\/\/advocaciacma.com\/new\/wp-json\/wp\/v2\/pages"}],"about":[{"href":"https:\/\/advocaciacma.com\/new\/wp-json\/wp\/v2\/types\/page"}],"author":[{"embeddable":true,"href":"https:\/\/advocaciacma.com\/new\/wp-json\/wp\/v2\/users\/3"}],"replies":[{"embeddable":true,"href":"https:\/\/advocaciacma.com\/new\/wp-json\/wp\/v2\/comments?post=1059"}],"version-history":[{"count":46,"href":"https:\/\/advocaciacma.com\/new\/wp-json\/wp\/v2\/pages\/1059\/revisions"}],"predecessor-version":[{"id":1990,"href":"https:\/\/advocaciacma.com\/new\/wp-json\/wp\/v2\/pages\/1059\/revisions\/1990"}],"wp:attachment":[{"href":"https:\/\/advocaciacma.com\/new\/wp-json\/wp\/v2\/media?parent=1059"}],"curies":[{"name":"wp","href":"https:\/\/api.w.org\/{rel}","templated":true}]}}